{"id":3786,"date":"2018-10-03T18:47:43","date_gmt":"2018-10-03T15:47:43","guid":{"rendered":"https:\/\/bougainvilleahouses.com\/?page_id=3786"},"modified":"2023-04-21T21:56:49","modified_gmt":"2023-04-21T18:56:49","slug":"iletisim","status":"publish","type":"page","link":"https:\/\/bougainvilleahouses.com\/tr\/iletisim\/","title":{"rendered":"\u0130leti\u015fim"},"content":{"rendered":"<p>[vc_row][vc_column width=&#8221;1\/4&#8243;][vc_empty_space height=&#8221;50px&#8221;]<div id=\"tile-with-icon_icon1\" class=\"title-with-icon-wrapper rectangle medium \" data-color=\"\"  style=\"\">\r\n\t\t\t<div class=\"wpb_content_element title-with-icon clearfix margin-bottom-0 \"><h5 class=\"no-icon content-color\" style=\"\">Adres<\/h5>\r\n\t\t\t<\/div><div class=\"wpb_content_element left-cs title-with-icon-content medium clearfix\" style=\"\">No: 8, Ba\u011ftepesi Cadddesi,<\/p>\n<p>Hisar\u00f6n\u00fc, \u00d6l\u00fcdeniz, Fethiye, T\u00fcrkiye<\/div><\/div><div id=\"tile-with-icon_icon2\" class=\"title-with-icon-wrapper rectangle medium \" data-color=\"\"  style=\"\">\r\n\t\t\t<div class=\"wpb_content_element title-with-icon clearfix margin-bottom-0 \"><h5 class=\"no-icon content-color\" style=\"\">e-mail<\/h5>\r\n\t\t\t<\/div><div class=\"wpb_content_element left-cs title-with-icon-content medium clearfix\" style=\"\"><a href=\"mailto:info@bougainvilleahouses.com\">info@bougainvilleahouses.com<\/a><\/p>\n<p>nazzliaki@gmail.com<\/div><\/div><div id=\"tile-with-icon_icon3\" class=\"title-with-icon-wrapper rectangle medium \" data-color=\"\"  style=\"\">\r\n\t\t\t<div class=\"wpb_content_element title-with-icon clearfix margin-bottom-0 \"><h5 class=\"no-icon content-color\" style=\"\">Telefon<\/h5>\r\n\t\t\t<\/div><div class=\"wpb_content_element left-cs title-with-icon-content medium clearfix\" style=\"\">T\u00fcrk\u00e7e: +90 (554) 982 34 88<\/p>\n<p>English:+90 (532) 215 02 94<\/p>\n<p><\/div><\/div>[\/vc_column][vc_column width=&#8221;3\/4&#8243;][vc_custom_heading text=&#8221;Harita&#8221; font_container=&#8221;tag:h2|text_align:right|color:%23a8a8a8&#8243;][vc_gmaps link=&#8221;#E-8_JTNDaWZyYW1lJTIwc3JjJTNEJTIyaHR0cHMlM0ElMkYlMkZ3d3cuZ29vZ2xlLmNvbSUyRm1hcHMlMkZlbWJlZCUzRnBiJTNEJTIxMW0xOCUyMTFtMTIlMjExbTMlMjExZDg2MS4wNjU2ODM3MDk0MDg3JTIxMmQyOS4xMzMzNDQyOTUxOTEwOTQlMjEzZDM2LjU2OTk1MDUzMzA3ODgyNCUyMTJtMyUyMTFmMCUyMTJmMCUyMTNmMCUyMTNtMiUyMTFpMTAyNCUyMTJpNzY4JTIxNGYxMy4xJTIxM20zJTIxMW0yJTIxMXMweDE0YzA0MTZlODE5ZDFjYjclMjUzQTB4YWM2NjZmNDY2ZmJiODUyZSUyMTJzQmVnb252aWwlMjUyMEV2bGVyaSUyMTVlMCUyMTNtMiUyMTFzdHIlMjEyc3RyJTIxNHYxNjc0MjA3MzQyOTI3JTIxNW0yJTIxMXN0ciUyMTJzdHIlMjIlMjB3aWR0aCUzRCUyMjYwMCUyMiUyMGhlaWdodCUzRCUyMjQ1MCUyMiUyMHN0eWxlJTNEJTIyYm9yZGVyJTNBMCUzQiUyMiUyMGFsbG93ZnVsbHNjcmVlbiUzRCUyMiUyMiUyMGxvYWRpbmclM0QlMjJsYXp5JTIyJTIwcmVmZXJyZXJwb2xpY3klM0QlMjJuby1yZWZlcnJlci13aGVuLWRvd25ncmFkZSUyMiUzRSUzQyUyRmlmcmFtZSUzRQ==&#8221;][\/vc_column][\/vc_row]<\/p>\n","protected":false},"excerpt":{"rendered":"<p>[vc_row][vc_column width=&#8221;1\/4&#8243;][vc_empty_space height=&#8221;50px&#8221;][\/vc_column][vc_column width=&#8221;3\/4&#8243;][vc_custom_heading text=&#8221;Harita&#8221; font_container=&#8221;tag:h2|text_align:right|color:%23a8a8a8&#8243;][vc_gmaps link=&#8221;#E-8_JTNDaWZyYW1lJTIwc3JjJTNEJTIyaHR0cHMlM0ElMkYlMkZ3d3cuZ29vZ2xlLmNvbSUyRm1hcHMlMkZlbWJlZCUzRnBiJTNEJTIxMW0xOCUyMTFtMTIlMjExbTMlMjExZDg2MS4wNjU2ODM3MDk0MDg3JTIxMmQyOS4xMzMzNDQyOTUxOTEwOTQlMjEzZDM2LjU2OTk1MDUzMzA3ODgyNCUyMTJtMyUyMTFmMCUyMTJmMCUyMTNmMCUyMTNtMiUyMTFpMTAyNCUyMTJpNzY4JTIxNGYxMy4xJTIxM20zJTIxMW0yJTIxMXMweDE0YzA0MTZlODE5ZDFjYjclMjUzQTB4YWM2NjZmNDY2ZmJiODUyZSUyMTJzQmVnb252aWwlMjUyMEV2bGVyaSUyMTVlMCUyMTNtMiUyMTFzdHIlMjEyc3RyJTIxNHYxNjc0MjA3MzQyOTI3JTIxNW0yJTIxMXN0ciUyMTJzdHIlMjIlMjB3aWR0aCUzRCUyMjYwMCUyMiUyMGhlaWdodCUzRCUyMjQ1MCUyMiUyMHN0eWxlJTNEJTIyYm9yZGVyJTNBMCUzQiUyMiUyMGFsbG93ZnVsbHNjcmVlbiUzRCUyMiUyMiUyMGxvYWRpbmclM0QlMjJsYXp5JTIyJTIwcmVmZXJyZXJwb2xpY3klM0QlMjJuby1yZWZlcnJlci13aGVuLWRvd25ncmFkZSUyMiUzRSUzQyUyRmlmcmFtZSUzRQ==&#8221;][\/vc_column][\/vc_row]<\/p>\n","protected":false},"author":3,"featured_media":0,"parent":0,"menu_order":0,"comment_status":"closed","ping_status":"closed","template":"page-transparent-menu.php","meta":{"om_disable_all_campaigns":false,"_monsterinsights_skip_tracking":false,"_monsterinsights_sitenote_active":false,"_monsterinsights_sitenote_note":"","_monsterinsights_sitenote_category":0,"footnotes":""},"class_list":["post-3786","page","type-page","status-publish","hentry",null],"aioseo_notices":[],"_links":{"self":[{"href":"https:\/\/bougainvilleahouses.com\/tr\/wp-json\/wp\/v2\/pages\/3786","targetHints":{"allow":["GET"]}}],"collection":[{"href":"https:\/\/bougainvilleahouses.com\/tr\/wp-json\/wp\/v2\/pages"}],"about":[{"href":"https:\/\/bougainvilleahouses.com\/tr\/wp-json\/wp\/v2\/types\/page"}],"author":[{"embeddable":true,"href":"https:\/\/bougainvilleahouses.com\/tr\/wp-json\/wp\/v2\/users\/3"}],"replies":[{"embeddable":true,"href":"https:\/\/bougainvilleahouses.com\/tr\/wp-json\/wp\/v2\/comments?post=3786"}],"version-history":[{"count":10,"href":"https:\/\/bougainvilleahouses.com\/tr\/wp-json\/wp\/v2\/pages\/3786\/revisions"}],"predecessor-version":[{"id":3796,"href":"https:\/\/bougainvilleahouses.com\/tr\/wp-json\/wp\/v2\/pages\/3786\/revisions\/3796"}],"wp:attachment":[{"href":"https:\/\/bougainvilleahouses.com\/tr\/wp-json\/wp\/v2\/media?parent=3786"}],"curies":[{"name":"wp","href":"https:\/\/api.w.org\/{rel}","templated":true}]}}