{"id":3782,"date":"2018-09-27T20:10:53","date_gmt":"2018-09-27T17:10:53","guid":{"rendered":"https:\/\/bougainvilleahouses.com\/?page_id=3782"},"modified":"2023-04-21T21:39:50","modified_gmt":"2023-04-21T18:39:50","slug":"hakkimizda","status":"publish","type":"page","link":"https:\/\/bougainvilleahouses.com\/tr\/hakkimizda\/","title":{"rendered":"Hakk\u0131m\u0131zda"},"content":{"rendered":"<p>[vc_row][vc_column width=&#8221;1\/2&#8243;][vc_single_image image=&#8221;3532&#8243; img_size=&#8221;full&#8221;][vc_column_text]<\/p>\n<h2 style=\"text-align: center;\">Fethiye Hisar\u00f6n\u00fc<\/h2>\n<p>G\u00fcne\u015f ufuk \u00e7izgisine do\u011fru s\u00fcz\u00fcl\u00fcrken Bougainvillea Houses Hisar\u00f6n\u00fc\u2019nde rengarenk bir seyir zevki ya\u015fayacaks\u0131n\u0131z. \u00d6l\u00fcdeniz&#8217;in hemen yan\u0131nda, g\u00fcney egenin en g\u00fczel tatil yerlerinden biri olan Hisar\u00f6n\u00fc\u2019nde, yer alan Bougainvillea Houses, \u00e7am\u00a0 a\u011fa\u00e7lar\u0131 ve \u00e7i\u00e7eklerle \u00e7evrelenmi\u015f ya\u015fam alan\u0131\u00a0 ve emsalsiz \u00f6l\u00fcdenizi ile benzersiz bir yaz tatili vaad ediyor.<\/p>\n<p>Aktif, dinamik ve konforlu bir tatil ge\u00e7ireceksiniz.[\/vc_column_text][vc_empty_space height=&#8221;200px&#8221;][\/vc_column][vc_column width=&#8221;1\/2&#8243;][vc_column_text]<\/p>\n<h2 style=\"text-align: center;\"><strong>Hakk\u0131m\u0131zda<\/strong><\/h2>\n<p>Bougainvillea Houses Akdeniz\u2019in Turkuaz sahil \u015feridinde bulunmaktad\u0131r. Apartlar\u0131m\u0131z tarihi da\u011flar\u0131n eteklerinde \u00e7am a\u011fa\u00e7lar\u0131 ile \u00e7evrilidir. Al\u0131\u015fveri\u015f ve e\u011flence, tesisten Hisar\u00f6n\u00fc\u2019ne iki dakika y\u00fcr\u00fcy\u00fc\u015f mesafesindedir. Fethiye \u015eehir Merkezi 25 dakika ve Dalaman Havaliman\u0131 ise 45 dakika mesafededir. Mu\u011fla \u0130li&#8217;nin e\u015fsiz do\u011fal g\u00fczellikleri aras\u0131nda g\u00fczel daireler, haf\u0131zan\u0131zda uzun y\u0131llar kalacak g\u00fczel bir tatile ne dersiniz?[\/vc_column_text][vc_empty_space height=&#8221;200px&#8221;][vc_single_image image=&#8221;3493&#8243; img_size=&#8221;full&#8221;][\/vc_column][\/vc_row]<\/p>\n","protected":false},"excerpt":{"rendered":"<p>[vc_row][vc_column width=&#8221;1\/2&#8243;][vc_single_image image=&#8221;3532&#8243; img_size=&#8221;full&#8221;][vc_column_text] Fethiye Hisar\u00f6n\u00fc G\u00fcne\u015f ufuk \u00e7izgisine do\u011fru s\u00fcz\u00fcl\u00fcrken Bougainvillea Houses Hisar\u00f6n\u00fc\u2019nde rengarenk bir seyir zevki ya\u015fayacaks\u0131n\u0131z. \u00d6l\u00fcdeniz&#8217;in hemen yan\u0131nda, g\u00fcney egenin en g\u00fczel tatil yerlerinden biri olan [&hellip;]<\/p>\n","protected":false},"author":3,"featured_media":0,"parent":0,"menu_order":0,"comment_status":"closed","ping_status":"closed","template":"page-transparent-menu.php","meta":{"om_disable_all_campaigns":false,"_monsterinsights_skip_tracking":false,"_monsterinsights_sitenote_active":false,"_monsterinsights_sitenote_note":"","_monsterinsights_sitenote_category":0,"footnotes":""},"class_list":["post-3782","page","type-page","status-publish","hentry",null],"aioseo_notices":[],"_links":{"self":[{"href":"https:\/\/bougainvilleahouses.com\/tr\/wp-json\/wp\/v2\/pages\/3782","targetHints":{"allow":["GET"]}}],"collection":[{"href":"https:\/\/bougainvilleahouses.com\/tr\/wp-json\/wp\/v2\/pages"}],"about":[{"href":"https:\/\/bougainvilleahouses.com\/tr\/wp-json\/wp\/v2\/types\/page"}],"author":[{"embeddable":true,"href":"https:\/\/bougainvilleahouses.com\/tr\/wp-json\/wp\/v2\/users\/3"}],"replies":[{"embeddable":true,"href":"https:\/\/bougainvilleahouses.com\/tr\/wp-json\/wp\/v2\/comments?post=3782"}],"version-history":[{"count":3,"href":"https:\/\/bougainvilleahouses.com\/tr\/wp-json\/wp\/v2\/pages\/3782\/revisions"}],"predecessor-version":[{"id":3785,"href":"https:\/\/bougainvilleahouses.com\/tr\/wp-json\/wp\/v2\/pages\/3782\/revisions\/3785"}],"wp:attachment":[{"href":"https:\/\/bougainvilleahouses.com\/tr\/wp-json\/wp\/v2\/media?parent=3782"}],"curies":[{"name":"wp","href":"https:\/\/api.w.org\/{rel}","templated":true}]}}