{"id":3776,"date":"2018-11-16T20:03:50","date_gmt":"2018-11-16T17:03:50","guid":{"rendered":"https:\/\/bougainvilleahouses.com\/?page_id=3776"},"modified":"2023-04-21T21:20:48","modified_gmt":"2023-04-21T18:20:48","slug":"tur-aktiviteler","status":"publish","type":"page","link":"https:\/\/bougainvilleahouses.com\/tr\/tur-aktiviteler\/","title":{"rendered":"Tur &#038; Aktiviteler"},"content":{"rendered":"<p>[vc_row][vc_column width=&#8221;1\/2&#8243;][vc_single_image image=&#8221;3139&#8243; img_size=&#8221;full&#8221;][\/vc_column][vc_column width=&#8221;1\/2&#8243;][vc_tta_accordion][vc_tta_section title=&#8221;Section 1&#8243; tab_id=&#8221;1682100854174-9b97721f-2810&#8243;][vc_column_text]<\/p>\n<h2>T\u00fcpl\u00fc Dal\u0131\u015f<br \/>\nDEN\u0130Z\u0130N ALTINI KE\u015eFED\u0130N<\/h2>\n<p>Su alt\u0131 dal\u0131\u015f\u0131 ve ke\u015ffedilmemi\u015f zenginli\u011fi ile FETH\u0130YE ve \u00e7evresi sizleri bekliyor. Denizin berrakl\u0131\u011f\u0131 ve temizli\u011fi sizleri b\u00fcy\u00fclerken dal\u0131\u015f hocalar\u0131n\u0131n e\u015fli\u011finde de\u011fi\u015fik zaman ve periyotlar halinde su alt\u0131 d\u00fcnyas\u0131yla tan\u0131\u015fma f\u0131rsat\u0131 yakalam\u0131\u015f olacaks\u0131n\u0131z..<\/p>\n<p>.[\/vc_column_text][\/vc_tta_section][\/vc_tta_accordion][\/vc_column][\/vc_row][vc_row][vc_column width=&#8221;1\/2&#8243;][vc_tta_accordion][vc_tta_section title=&#8221;Section 1&#8243; tab_id=&#8221;1682100946479-2053d8e8-53b9&#8243;][vc_column_text]<\/p>\n<h2>Yama\u00e7 Para\u015f\u00fct\u00fc<br \/>\nADRENAL\u0130N DOLU B\u0130R AKT\u0130V\u0130TE<\/h2>\n<p>Adrenaline haz\u0131r m\u0131s\u0131n\u0131z? 1950 metre y\u00fckseklikteki Babada\u011f\u2019dan yakla\u015f\u0131k 40 dakikal\u0131k u\u00e7u\u015fu, hayatta unutamayacaks\u0131n\u0131z. \u00d6l\u00fcdeniz, Kelebekler Vadisi gibi \u00f6zel alanlar\u0131 bir de ku\u015fbak\u0131\u015f\u0131 izleyin<strong>.<\/strong>[\/vc_column_text][\/vc_tta_section][\/vc_tta_accordion][\/vc_column][vc_column width=&#8221;1\/2&#8243;][vc_single_image image=&#8221;3137&#8243; img_size=&#8221;full&#8221;][\/vc_column][\/vc_row][vc_row][vc_column width=&#8221;1\/2&#8243;][vc_single_image image=&#8221;3145&#8243; img_size=&#8221;full&#8221;][\/vc_column][vc_column width=&#8221;1\/2&#8243;][vc_tta_accordion][vc_tta_section title=&#8221;Section 1&#8243; tab_id=&#8221;1682101028344-67ad2b84-2aa2&#8243;][vc_column_text]<\/p>\n<h2>Jeep Safari<br \/>\nHAYD\u0130 CO\u015eMAYA<\/h2>\n<p>Fethiye\u2019de akla gelen ilk aktiveteler aras\u0131nda yer alan ve her ya\u015f kesimine hitap eden aktiveler aras\u0131nda Jeep Safari Turu gelir. Tlos antik \u015fehrindeki foto\u011fraf \u00e7ekimi i\u00e7in k\u0131sa bir s\u00fcre durduktan sonra do\u011fal ya\u015fam alan\u0131 olarak kabul edilen Yakapark ziyaret edilir. Buz gibi yayla havas\u0131nda dondurucu akan sular\u0131n e\u015flik etti\u011fi molan\u0131n ard\u0131ndan gizlikent \u015felalesine do\u011fru hareket ba\u015fl\u0131yor. \u015eelalenin ke\u015ffinden sonra d\u00fcnyaca \u00fcnl\u00fc Sakl\u0131kent kanyonuna gidiliyor. Kalyonda rehberimiz e\u015fli\u011finde gezildikten sonra s\u0131ra a\u00e7\u0131k b\u00fcfe olarak sizlere sunulan yemek molas\u0131na geliyor..[\/vc_column_text][\/vc_tta_section][\/vc_tta_accordion][\/vc_column][\/vc_row][vc_row][vc_column width=&#8221;1\/2&#8243;][vc_tta_accordion][vc_tta_section title=&#8221;Section 1&#8243; tab_id=&#8221;1682101106954-10f7e3fd-e754&#8243;][vc_column_text]<\/p>\n<h2>Tekne Turu<br \/>\n12 ADALAR G\u00dcNL\u00dcK TEKNE GEZ\u0130S\u0130<\/h2>\n<p>Do\u011fan\u0131n insano\u011fluna ba\u011f\u0131\u015flad\u0131\u011f\u0131 bu en g\u00fczel co\u011frafyada Akdeniz\u2019in dantel benzeri k\u0131y\u0131lar\u0131n\u0131 ke\u015ffe \u00e7\u0131k\u0131yoruz. Teknemiz Fethiye liman\u0131ndan yola \u00e7\u0131k\u0131yor. Fethiye K\u00f6rfezi\u2019nden ba\u015flayarak Oniki Adalar\u2019\u0131n ve koylar\u0131n en \u00f6zellerini konforlu ve donan\u0131ml\u0131 teknelerimizle ke\u015ffe ne dersiniz? Yass\u0131calar Koyu ve Bedri Rahmi Koyu ziyaret edece\u011fimiz noktalardan sadece bir ka\u00e7 tanesi. Tam donan\u0131ml\u0131 teknelerimizde bardan g\u00fcne\u015f yata\u011f\u0131na, temiz tuvalet ve banyoya t\u00fcm ekipmanlar\u0131m\u0131z hizmetinizdedir. Tertemiz sularda y\u00fczmek, g\u00fcne\u015flenmek, dalmak, keyifli barbek\u00fc \u00f6\u011fle yeme\u011fi ve unutulmayacak an\u0131lar. Biliyoruz ki bu do\u011fa harikas\u0131 muhte\u015fem koylar\u0131 unutmayacak, dostlar\u0131n\u0131za da \u00f6nerecek ve tekrar mavi yolculu\u011fa \u00e7\u0131kmak isteyeceksiniz.[\/vc_column_text][\/vc_tta_section][\/vc_tta_accordion][\/vc_column][vc_column width=&#8221;1\/2&#8243;][vc_single_image image=&#8221;3142&#8243; img_size=&#8221;full&#8221;][\/vc_column][\/vc_row]<\/p>\n","protected":false},"excerpt":{"rendered":"<p>[vc_row][vc_column width=&#8221;1\/2&#8243;][vc_single_image image=&#8221;3139&#8243; img_size=&#8221;full&#8221;][\/vc_column][vc_column width=&#8221;1\/2&#8243;][vc_tta_accordion][vc_tta_section title=&#8221;Section 1&#8243; tab_id=&#8221;1682100854174-9b97721f-2810&#8243;][vc_column_text] T\u00fcpl\u00fc Dal\u0131\u015f DEN\u0130Z\u0130N ALTINI KE\u015eFED\u0130N Su alt\u0131 dal\u0131\u015f\u0131 ve ke\u015ffedilmemi\u015f zenginli\u011fi ile FETH\u0130YE ve \u00e7evresi sizleri bekliyor. Denizin berrakl\u0131\u011f\u0131 ve temizli\u011fi sizleri [&hellip;]<\/p>\n","protected":false},"author":3,"featured_media":0,"parent":0,"menu_order":0,"comment_status":"closed","ping_status":"closed","template":"","meta":{"om_disable_all_campaigns":false,"_monsterinsights_skip_tracking":false,"_monsterinsights_sitenote_active":false,"_monsterinsights_sitenote_note":"","_monsterinsights_sitenote_category":0,"footnotes":""},"class_list":["post-3776","page","type-page","status-publish","hentry",null],"aioseo_notices":[],"_links":{"self":[{"href":"https:\/\/bougainvilleahouses.com\/tr\/wp-json\/wp\/v2\/pages\/3776","targetHints":{"allow":["GET"]}}],"collection":[{"href":"https:\/\/bougainvilleahouses.com\/tr\/wp-json\/wp\/v2\/pages"}],"about":[{"href":"https:\/\/bougainvilleahouses.com\/tr\/wp-json\/wp\/v2\/types\/page"}],"author":[{"embeddable":true,"href":"https:\/\/bougainvilleahouses.com\/tr\/wp-json\/wp\/v2\/users\/3"}],"replies":[{"embeddable":true,"href":"https:\/\/bougainvilleahouses.com\/tr\/wp-json\/wp\/v2\/comments?post=3776"}],"version-history":[{"count":3,"href":"https:\/\/bougainvilleahouses.com\/tr\/wp-json\/wp\/v2\/pages\/3776\/revisions"}],"predecessor-version":[{"id":3779,"href":"https:\/\/bougainvilleahouses.com\/tr\/wp-json\/wp\/v2\/pages\/3776\/revisions\/3779"}],"wp:attachment":[{"href":"https:\/\/bougainvilleahouses.com\/tr\/wp-json\/wp\/v2\/media?parent=3776"}],"curies":[{"name":"wp","href":"https:\/\/api.w.org\/{rel}","templated":true}]}}