{"id":3767,"date":"2018-10-11T18:12:11","date_gmt":"2018-10-11T15:12:11","guid":{"rendered":"https:\/\/bougainvilleahouses.com\/?page_id=3767"},"modified":"2023-04-21T21:32:40","modified_gmt":"2023-04-21T18:32:40","slug":"resimler","status":"publish","type":"page","link":"https:\/\/bougainvilleahouses.com\/tr\/resimler\/","title":{"rendered":"Resimler"},"content":{"rendered":"<p>[vc_row][vc_column]<div class=\"ozy-overlap_caption content-color-alternate-forced  \"><h2>Begonvil Evleri<\/h2><\/div><ul class=\"ozy-mosaic_gallery \" id=\"mosaic-gallery-1\"><div class=\"grid-sizer\"><\/div><div class=\"gutter-sizer\"><\/div><li class=\"gallery-item\"><a href=\"https:\/\/bougainvilleahouses.com\/wp-content\/uploads\/2023\/02\/2-drone.jpg\"><img decoding=\"async\" src=\"https:\/\/bougainvilleahouses.com\/wp-content\/uploads\/2023\/02\/2-drone-1024x576.jpg\" alt=\"DCIM100MEDIADJI_0009.JPG\"\/><span>DCIM100MEDIADJI_0009.JPG<\/span><\/a><\/li><li class=\"gallery-item\"><a href=\"https:\/\/bougainvilleahouses.com\/wp-content\/uploads\/2023\/03\/drone-1.png\"><img decoding=\"async\" src=\"https:\/\/bougainvilleahouses.com\/wp-content\/uploads\/2023\/03\/drone-1-1024x576.png\" alt=\"\"\/><span><\/span><\/a><\/li><li class=\"gallery-item\"><a href=\"https:\/\/bougainvilleahouses.com\/wp-content\/uploads\/2023\/03\/Arka-Plan.png\"><img decoding=\"async\" src=\"https:\/\/bougainvilleahouses.com\/wp-content\/uploads\/2023\/03\/Arka-Plan-1024x683.png\" alt=\"\"\/><span><\/span><\/a><\/li><li class=\"gallery-item\"><a href=\"https:\/\/bougainvilleahouses.com\/wp-content\/uploads\/2023\/02\/92.jpg\"><img decoding=\"async\" src=\"https:\/\/bougainvilleahouses.com\/wp-content\/uploads\/2023\/02\/92-1024x684.jpg\" alt=\"\"\/><span><\/span><\/a><\/li><li class=\"gallery-item\"><a href=\"https:\/\/bougainvilleahouses.com\/wp-content\/uploads\/2023\/04\/DSCN0355-scaled.jpg\"><img decoding=\"async\" src=\"https:\/\/bougainvilleahouses.com\/wp-content\/uploads\/2023\/04\/DSCN0355-1024x768.jpg\" alt=\"\"\/><span><\/span><\/a><\/li><li class=\"gallery-item\"><a href=\"https:\/\/bougainvilleahouses.com\/wp-content\/uploads\/2023\/04\/DSC_1824.jpg\"><img decoding=\"async\" src=\"https:\/\/bougainvilleahouses.com\/wp-content\/uploads\/2023\/04\/DSC_1824-1024x684.jpg\" alt=\"\"\/><span><\/span><\/a><\/li><li class=\"gallery-item\"><a href=\"https:\/\/bougainvilleahouses.com\/wp-content\/uploads\/2023\/02\/30-1.jpg\"><img decoding=\"async\" src=\"https:\/\/bougainvilleahouses.com\/wp-content\/uploads\/2023\/02\/30-1-1024x684.jpg\" alt=\"\"\/><span><\/span><\/a><\/li><li class=\"gallery-item\"><a href=\"https:\/\/bougainvilleahouses.com\/wp-content\/uploads\/2023\/02\/28.jpg\"><img decoding=\"async\" src=\"https:\/\/bougainvilleahouses.com\/wp-content\/uploads\/2023\/02\/28-1024x684.jpg\" alt=\"\"\/><span><\/span><\/a><\/li><li class=\"gallery-item\"><a href=\"https:\/\/bougainvilleahouses.com\/wp-content\/uploads\/2023\/02\/26.jpg\"><img decoding=\"async\" src=\"https:\/\/bougainvilleahouses.com\/wp-content\/uploads\/2023\/02\/26-1024x684.jpg\" alt=\"\"\/><span><\/span><\/a><\/li><li class=\"gallery-item\"><a href=\"https:\/\/bougainvilleahouses.com\/wp-content\/uploads\/2022\/05\/24.jpg\"><img decoding=\"async\" src=\"https:\/\/bougainvilleahouses.com\/wp-content\/uploads\/2022\/05\/24-1024x1024.jpg\" alt=\"\"\/><span><\/span><\/a><\/li><li class=\"gallery-item\"><a href=\"https:\/\/bougainvilleahouses.com\/wp-content\/uploads\/2022\/05\/3.jpg\"><img decoding=\"async\" src=\"https:\/\/bougainvilleahouses.com\/wp-content\/uploads\/2022\/05\/3-1024x684.jpg\" alt=\"\"\/><span><\/span><\/a><\/li><li class=\"gallery-item\"><a href=\"https:\/\/bougainvilleahouses.com\/wp-content\/uploads\/2022\/10\/atv-safari-6.jpg\"><img decoding=\"async\" src=\"https:\/\/bougainvilleahouses.com\/wp-content\/uploads\/2022\/10\/atv-safari-6.jpg\" alt=\"https:\/\/bougainvilleahouses.com; Paragliding\u00d6l\u00fcdeniz; dal\u0131\u015f;divin;atvtur;Quad;sarafi\"\/><span>https:\/\/bougainvilleahouses.com; Paragliding\u00d6l\u00fcdeniz; dal\u0131\u015f;divin;atvtur;Quad;sarafi<\/span><\/a><\/li><li class=\"gallery-item\"><a href=\"https:\/\/bougainvilleahouses.com\/wp-content\/uploads\/2022\/10\/jeepsafari.jpg\"><img decoding=\"async\" src=\"https:\/\/bougainvilleahouses.com\/wp-content\/uploads\/2022\/10\/jeepsafari-1024x686.jpg\" alt=\"(c) https:\/\/bougainvilleahouses.com\/\n#Turkey #Oludeniz #Parapente #Paragliding  #Flying #Flash #Elinchrom #sunset\"\/><span>(c) https:\/\/bougainvilleahouses.com\/\n#Turkey #Oludeniz #Parapente #Paragliding  #Flying #Flash #Elinchrom #sunset<\/span><\/a><\/li><li class=\"gallery-item\"><a href=\"https:\/\/bougainvilleahouses.com\/wp-content\/uploads\/2022\/10\/begonvil-evleri-dalis.jpg\"><img decoding=\"async\" src=\"https:\/\/bougainvilleahouses.com\/wp-content\/uploads\/2022\/10\/begonvil-evleri-dalis.jpg\" alt=\"https:\/\/bougainvilleahouses.com; Paragliding\u00d6l\u00fcdeniz; dal\u0131\u015f;divin;\"\/><span>https:\/\/bougainvilleahouses.com; Paragliding\u00d6l\u00fcdeniz; dal\u0131\u015f;divin;<\/span><\/a><\/li><li class=\"gallery-item\"><a href=\"https:\/\/bougainvilleahouses.com\/wp-content\/uploads\/2022\/10\/begonvil-evleri-2.png\"><img decoding=\"async\" src=\"https:\/\/bougainvilleahouses.com\/wp-content\/uploads\/2022\/10\/begonvil-evleri-2-1024x684.png\" alt=\"\"\/><span><\/span><\/a><\/li><li class=\"gallery-item\"><a href=\"https:\/\/bougainvilleahouses.com\/wp-content\/uploads\/2022\/06\/resized_9c663-62ac27a0fethiyegezilecekyerler.jpg\"><img decoding=\"async\" src=\"https:\/\/bougainvilleahouses.com\/wp-content\/uploads\/2022\/06\/resized_9c663-62ac27a0fethiyegezilecekyerler.jpg\" alt=\"\"\/><span><\/span><\/a><\/li><li class=\"gallery-item\"><a href=\"https:\/\/bougainvilleahouses.com\/wp-content\/uploads\/2022\/06\/fethiye-gezilecekyerler-03-e1405411670510.jpg\"><img decoding=\"async\" src=\"https:\/\/bougainvilleahouses.com\/wp-content\/uploads\/2022\/06\/fethiye-gezilecekyerler-03-e1405411670510.jpg\" alt=\"\"\/><span><\/span><\/a><\/li><li class=\"gallery-item\"><a href=\"https:\/\/bougainvilleahouses.com\/wp-content\/uploads\/2022\/06\/kayakoy.jpg\"><img decoding=\"async\" src=\"https:\/\/bougainvilleahouses.com\/wp-content\/uploads\/2022\/06\/kayakoy.jpg\" alt=\"\"\/><span><\/span><\/a><\/li><li class=\"gallery-item\"><a href=\"https:\/\/bougainvilleahouses.com\/wp-content\/uploads\/2022\/06\/Fethiye-Paspatur-Carsisi.jpeg\"><img decoding=\"async\" src=\"https:\/\/bougainvilleahouses.com\/wp-content\/uploads\/2022\/06\/Fethiye-Paspatur-Carsisi.jpeg\" alt=\"\"\/><span><\/span><\/a><\/li><li class=\"gallery-item\"><a href=\"https:\/\/bougainvilleahouses.com\/wp-content\/uploads\/2022\/10\/DSC3196_8_wqxga.png\"><img decoding=\"async\" src=\"https:\/\/bougainvilleahouses.com\/wp-content\/uploads\/2022\/10\/DSC3196_8_wqxga-1024x684.png\" alt=\"\"\/><span><\/span><\/a><\/li><li class=\"gallery-item\"><a href=\"https:\/\/bougainvilleahouses.com\/wp-content\/uploads\/2022\/06\/kusdasi-dalis-tatil-iyidir2.jpg\"><img decoding=\"async\" src=\"https:\/\/bougainvilleahouses.com\/wp-content\/uploads\/2022\/06\/kusdasi-dalis-tatil-iyidir2-1024x683.jpg\" alt=\"\"\/><span><\/span><\/a><\/li><li class=\"gallery-item\"><a href=\"https:\/\/bougainvilleahouses.com\/wp-content\/uploads\/2022\/06\/fethiye-Amintas.jpg\"><img decoding=\"async\" src=\"https:\/\/bougainvilleahouses.com\/wp-content\/uploads\/2022\/06\/fethiye-Amintas-1024x576.jpg\" alt=\"\"\/><span><\/span><\/a><\/li><li class=\"gallery-item\"><a href=\"https:\/\/bougainvilleahouses.com\/wp-content\/uploads\/2022\/06\/begonvil5-1.jpg\"><img decoding=\"async\" src=\"https:\/\/bougainvilleahouses.com\/wp-content\/uploads\/2022\/06\/begonvil5-1.jpg\" alt=\"\"\/><span><\/span><\/a><\/li><li class=\"gallery-item\"><a href=\"https:\/\/bougainvilleahouses.com\/wp-content\/uploads\/2022\/06\/begonvil4-1.jpg\"><img decoding=\"async\" src=\"https:\/\/bougainvilleahouses.com\/wp-content\/uploads\/2022\/06\/begonvil4-1.jpg\" alt=\"\"\/><span><\/span><\/a><\/li><li class=\"gallery-item\"><a href=\"https:\/\/bougainvilleahouses.com\/wp-content\/uploads\/2022\/06\/9.jpg\"><img decoding=\"async\" src=\"https:\/\/bougainvilleahouses.com\/wp-content\/uploads\/2022\/06\/9-1024x684.jpg\" alt=\"\"\/><span><\/span><\/a><\/li><li class=\"gallery-item\"><a href=\"https:\/\/bougainvilleahouses.com\/wp-content\/uploads\/2022\/06\/8-drone.jpg\"><img decoding=\"async\" src=\"https:\/\/bougainvilleahouses.com\/wp-content\/uploads\/2022\/06\/8-drone-1024x576.jpg\" alt=\"DCIM100MEDIADJI_0037.JPG\"\/><span>DCIM100MEDIADJI_0037.JPG<\/span><\/a><\/li><li class=\"gallery-item\"><a href=\"https:\/\/bougainvilleahouses.com\/wp-content\/uploads\/2022\/06\/6-drone.jpg\"><img decoding=\"async\" src=\"https:\/\/bougainvilleahouses.com\/wp-content\/uploads\/2022\/06\/6-drone-1024x576.jpg\" alt=\"DCIM100MEDIADJI_0029.JPG\"\/><span>DCIM100MEDIADJI_0029.JPG<\/span><\/a><\/li><li class=\"gallery-item\"><a href=\"https:\/\/bougainvilleahouses.com\/wp-content\/uploads\/2022\/06\/7-drone.jpg\"><img decoding=\"async\" src=\"https:\/\/bougainvilleahouses.com\/wp-content\/uploads\/2022\/06\/7-drone-1024x576.jpg\" alt=\"DCIM100MEDIADJI_0035.JPG\"\/><span>DCIM100MEDIADJI_0035.JPG<\/span><\/a><\/li><li class=\"gallery-item\"><a href=\"https:\/\/bougainvilleahouses.com\/wp-content\/uploads\/2022\/06\/4-drone.jpg\"><img decoding=\"async\" src=\"https:\/\/bougainvilleahouses.com\/wp-content\/uploads\/2022\/06\/4-drone-1024x576.jpg\" alt=\"DCIM100MEDIADJI_0019.JPG\"\/><span>DCIM100MEDIADJI_0019.JPG<\/span><\/a><\/li><li class=\"gallery-item\"><a href=\"https:\/\/bougainvilleahouses.com\/wp-content\/uploads\/2022\/06\/92.jpg\"><img decoding=\"async\" src=\"https:\/\/bougainvilleahouses.com\/wp-content\/uploads\/2022\/06\/92-1024x684.jpg\" alt=\"\"\/><span><\/span><\/a><\/li><li class=\"gallery-item\"><a href=\"https:\/\/bougainvilleahouses.com\/wp-content\/uploads\/2022\/06\/Basliksiz-1.jpg\"><img decoding=\"async\" src=\"https:\/\/bougainvilleahouses.com\/wp-content\/uploads\/2022\/06\/Basliksiz-1.jpg\" alt=\"\"\/><span><\/span><\/a><\/li><\/ul>[\/vc_column][\/vc_row]<\/p>\n","protected":false},"excerpt":{"rendered":"<p>[vc_row][vc_column][\/vc_column][\/vc_row]<\/p>\n","protected":false},"author":3,"featured_media":0,"parent":0,"menu_order":0,"comment_status":"closed","ping_status":"closed","template":"page-transparent-menu.php","meta":{"om_disable_all_campaigns":false,"_monsterinsights_skip_tracking":false,"_monsterinsights_sitenote_active":false,"_monsterinsights_sitenote_note":"","_monsterinsights_sitenote_category":0,"footnotes":""},"class_list":["post-3767","page","type-page","status-publish","hentry",null],"aioseo_notices":[],"_links":{"self":[{"href":"https:\/\/bougainvilleahouses.com\/tr\/wp-json\/wp\/v2\/pages\/3767","targetHints":{"allow":["GET"]}}],"collection":[{"href":"https:\/\/bougainvilleahouses.com\/tr\/wp-json\/wp\/v2\/pages"}],"about":[{"href":"https:\/\/bougainvilleahouses.com\/tr\/wp-json\/wp\/v2\/types\/page"}],"author":[{"embeddable":true,"href":"https:\/\/bougainvilleahouses.com\/tr\/wp-json\/wp\/v2\/users\/3"}],"replies":[{"embeddable":true,"href":"https:\/\/bougainvilleahouses.com\/tr\/wp-json\/wp\/v2\/comments?post=3767"}],"version-history":[{"count":3,"href":"https:\/\/bougainvilleahouses.com\/tr\/wp-json\/wp\/v2\/pages\/3767\/revisions"}],"predecessor-version":[{"id":3781,"href":"https:\/\/bougainvilleahouses.com\/tr\/wp-json\/wp\/v2\/pages\/3767\/revisions\/3781"}],"wp:attachment":[{"href":"https:\/\/bougainvilleahouses.com\/tr\/wp-json\/wp\/v2\/media?parent=3767"}],"curies":[{"name":"wp","href":"https:\/\/api.w.org\/{rel}","templated":true}]}}