{"id":3733,"date":"2018-09-03T19:11:29","date_gmt":"2018-09-03T16:11:29","guid":{"rendered":"https:\/\/bougainvilleahouses.com\/home\/"},"modified":"2024-07-24T17:49:05","modified_gmt":"2024-07-24T14:49:05","slug":"anasayfa","status":"publish","type":"page","link":"https:\/\/bougainvilleahouses.com\/tr\/","title":{"rendered":"Anasayfa"},"content":{"rendered":"<p>[vc_row][vc_column]\n\t\t\t<!-- START hotel_slider012 REVOLUTION SLIDER 6.5.24 --><p class=\"rs-p-wp-fix\"><\/p>\n\t\t\t<rs-module-wrap id=\"rev_slider_3_1_wrapper\" data-source=\"gallery\" style=\"visibility:hidden;background:transparent;padding:0;\">\n\t\t\t\t<rs-module id=\"rev_slider_3_1\" style=\"\" data-version=\"6.5.24\">\n\t\t\t\t\t<rs-slides>\n\t\t\t\t\t\t<rs-slide style=\"position: absolute;\" data-key=\"rs-13\" data-title=\"Number Four\" data-thumb=\"\/\/bougainvilleahouses.com\/wp-content\/uploads\/2023\/03\/sensiz-100x50.png\" data-in=\"o:0;\">\n\t\t\t\t\t\t\t<img decoding=\"async\" src=\"\/\/bougainvilleahouses.com\/wp-content\/plugins\/revslider\/public\/assets\/assets\/dummy.png\" alt=\"\" title=\"sensiz\" width=\"3500\" height=\"1969\" class=\"rev-slidebg tp-rs-img rs-lazyload\" data-lazyload=\"\/\/bougainvilleahouses.com\/wp-content\/uploads\/2023\/03\/sensiz.png\" data-parallax=\"10\" data-panzoom=\"d:10000;ss:120;se:100;\" data-no-retina>\n<!---->\t\t\t\t\t\t<\/rs-slide>\n\t\t\t\t\t\t<rs-slide style=\"position: absolute;\" data-key=\"rs-14\" data-title=\"Number One\" data-thumb=\"\/\/bougainvilleahouses.com\/wp-content\/uploads\/2023\/03\/drone-1-100x50.png\" data-in=\"o:0;\">\n\t\t\t\t\t\t\t<img decoding=\"async\" src=\"\/\/bougainvilleahouses.com\/wp-content\/plugins\/revslider\/public\/assets\/assets\/dummy.png\" alt=\"\" title=\"drone\" width=\"3500\" height=\"1969\" class=\"rev-slidebg tp-rs-img rs-lazyload\" data-lazyload=\"\/\/bougainvilleahouses.com\/wp-content\/uploads\/2023\/03\/drone-1.png\" data-parallax=\"10\" data-panzoom=\"d:10000;ss:120;se:100;\" data-no-retina>\n<!---->\t\t\t\t\t\t<\/rs-slide>\n\t\t\t\t\t\t<rs-slide style=\"position: absolute;\" data-key=\"rs-15\" data-title=\"Number Two\" data-thumb=\"\/\/bougainvilleahouses.com\/wp-content\/uploads\/2023\/03\/Arka-Plan-100x50.png\" data-in=\"o:0;\">\n\t\t\t\t\t\t\t<img decoding=\"async\" src=\"\/\/bougainvilleahouses.com\/wp-content\/plugins\/revslider\/public\/assets\/assets\/dummy.png\" alt=\"\" title=\"Arka Plan\" width=\"3500\" height=\"2336\" class=\"rev-slidebg tp-rs-img rs-lazyload\" data-lazyload=\"\/\/bougainvilleahouses.com\/wp-content\/uploads\/2023\/03\/Arka-Plan.png\" data-parallax=\"10\" data-panzoom=\"d:10000;ss:120;se:100;\" data-no-retina>\n<!---->\t\t\t\t\t\t<\/rs-slide>\n\t\t\t\t\t\t<rs-slide style=\"position: absolute;\" data-key=\"rs-16\" data-title=\"Number Three\" data-thumb=\"\/\/bougainvilleahouses.com\/wp-content\/uploads\/2023\/03\/fethiye-100x50.jpg\" data-in=\"o:0;\">\n\t\t\t\t\t\t\t<img decoding=\"async\" src=\"\/\/bougainvilleahouses.com\/wp-content\/plugins\/revslider\/public\/assets\/assets\/dummy.png\" alt=\"\" title=\"fethiye\" width=\"1900\" height=\"1026\" class=\"rev-slidebg tp-rs-img rs-lazyload\" data-lazyload=\"\/\/bougainvilleahouses.com\/wp-content\/uploads\/2023\/03\/fethiye.jpg\" data-parallax=\"10\" data-panzoom=\"d:10000;ss:120;se:100;\" data-no-retina>\n<!---->\t\t\t\t\t\t<\/rs-slide>\n\t\t\t\t\t\t<rs-slide style=\"position: absolute;\" data-key=\"rs-17\" data-title=\"Number Five\" data-thumb=\"\/\/bougainvilleahouses.com\/wp-content\/uploads\/2023\/02\/28-100x50.jpg\" data-in=\"o:0;\">\n\t\t\t\t\t\t\t<img decoding=\"async\" src=\"\/\/bougainvilleahouses.com\/wp-content\/plugins\/revslider\/public\/assets\/assets\/dummy.png\" alt=\"\" title=\"28\" width=\"1618\" height=\"1080\" class=\"rev-slidebg tp-rs-img rs-lazyload\" data-lazyload=\"\/\/bougainvilleahouses.com\/wp-content\/uploads\/2023\/02\/28.jpg\" data-parallax=\"10\" data-panzoom=\"d:10000;ss:120;se:100;\" data-no-retina>\n<!---->\t\t\t\t\t\t<\/rs-slide>\n\t\t\t\t\t\t<rs-slide style=\"position: absolute;\" data-key=\"rs-18\" data-title=\"Number Six\" data-thumb=\"\/\/bougainvilleahouses.com\/wp-content\/uploads\/2023\/02\/92-100x50.jpg\" data-in=\"o:0;\">\n\t\t\t\t\t\t\t<img decoding=\"async\" src=\"\/\/bougainvilleahouses.com\/wp-content\/plugins\/revslider\/public\/assets\/assets\/dummy.png\" alt=\"\" title=\"92\" width=\"1541\" height=\"1029\" class=\"rev-slidebg tp-rs-img rs-lazyload\" data-lazyload=\"\/\/bougainvilleahouses.com\/wp-content\/uploads\/2023\/02\/92.jpg\" data-parallax=\"10\" data-panzoom=\"d:10000;ss:120;se:100;\" data-no-retina>\n<!---->\t\t\t\t\t\t<\/rs-slide>\n\t\t\t\t\t<\/rs-slides>\n\t\t\t\t\t<rs-static-layers class=\"rs-stl-visible\"><!--\n\n\t\t\t\t\t\t\t--><rs-layer\n\t\t\t\t\t\t\t\tid=\"slider-3-slide-3-layer-1\" \n\t\t\t\t\t\t\t\tclass=\"Travel-BigCaption rs-pxl-2 rs-layer-static\"\n\t\t\t\t\t\t\t\tdata-type=\"text\"\n\t\t\t\t\t\t\t\tdata-color=\"rgba(255, 255, 255, 1)\"\n\t\t\t\t\t\t\t\tdata-rsp_ch=\"on\"\n\t\t\t\t\t\t\t\tdata-xy=\"xo:90px,90px,60px,40px;yo:315px,195px,85px,35px;\"\n\t\t\t\t\t\t\t\tdata-text=\"s:50,50,50,35;l:50,50,50,35;\"\n\t\t\t\t\t\t\t\tdata-onslides=\"s:1;\"\n\t\t\t\t\t\t\t\tdata-frame_1=\"e:power2.inOut;st:500;sR:500;\"\n\t\t\t\t\t\t\t\tdata-frame_999=\"o:0;e:nothing;st:w;sR:5200;\"\n\t\t\t\t\t\t\t\tstyle=\"z-index:5;font-family:'Playfair Display';\"\n\t\t\t\t\t\t\t>Bougainvillea Houses <br\/>\nYour Holiday Home\n \n\t\t\t\t\t\t\t<\/rs-layer><!--\n\n\t\t\t\t\t\t\t--><rs-layer\n\t\t\t\t\t\t\t\tid=\"slider-3-slide-3-layer-2\" \n\t\t\t\t\t\t\t\tclass=\"Travel-SmallCaption rs-pxl-3 rs-layer-static\"\n\t\t\t\t\t\t\t\tdata-type=\"text\"\n\t\t\t\t\t\t\t\tdata-color=\"rgba(255, 255, 255, 1)\"\n\t\t\t\t\t\t\t\tdata-rsp_ch=\"on\"\n\t\t\t\t\t\t\t\tdata-xy=\"xo:89px,90px,60px,40px;yo:454px,313px,213px,133px;\"\n\t\t\t\t\t\t\t\tdata-text=\"s:20,25,25,20;l:25,30,30,20;fw:300;\"\n\t\t\t\t\t\t\t\tdata-onslides=\"s:1;\"\n\t\t\t\t\t\t\t\tdata-frame_1=\"e:power2.inOut;st:500;sR:500;\"\n\t\t\t\t\t\t\t\tdata-frame_999=\"o:0;e:nothing;st:w;sR:5200;\"\n\t\t\t\t\t\t\t\tstyle=\"z-index:6;font-family:'Rubik';\"\n\t\t\t\t\t\t\t>En G\u00fczel Tatil An\u0131lar\u0131 \u0130\u00e7in Sizleri Bekliyoruz \n\t\t\t\t\t\t\t<\/rs-layer><!--\n\t\t\t\t\t--><\/rs-static-layers>\n\t\t\t\t<\/rs-module>\n\t\t\t\t<script>\n\t\t\t\t\tsetREVStartSize({c: 'rev_slider_3_1',rl:[1240,1024,778,480],el:[970,600,500,400],gw:[1240,1024,778,480],gh:[970,600,500,400],type:'standard',justify:'',layout:'fullscreen',offsetContainer:'',offset:'',mh:\"0\"});if (window.RS_MODULES!==undefined && window.RS_MODULES.modules!==undefined && window.RS_MODULES.modules[\"revslider31\"]!==undefined) {window.RS_MODULES.modules[\"revslider31\"].once = false;window.revapi3 = undefined;if (window.RS_MODULES.checkMinimal!==undefined) window.RS_MODULES.checkMinimal()}\n\t\t\t\t<\/script>\n\t\t\t<\/rs-module-wrap>\n\t\t\t<!-- END REVOLUTION SLIDER -->\n[vc_raw_html]JTNDZGl2JTIwaWQlM0QlMjJyZXNlbGl2YS13aWRnZXQlMjIlM0UlM0NhJTIwaHJlZiUzRCUyMmh0dHBzJTNBJTJGJTJGd3d3LnJlc2VsaXZhLmNvbSUyRiUyMiUyMGNsYXNzJTNEJTIycG93ZXJlZF9ieSUyMiUzRVJlc2VsaXZhJTIwUmV6ZXJ2YXN5b24lMjBNb3RvcnUlMjAlMjYlMjBLYW5hbCUyMFklQzMlQjZuZXRpY2lzaSUzQyUyRmElM0UlM0MlMkZkaXYlM0UlMEElM0NzY3JpcHQlM0UlMEElMjhmdW5jdGlvbiUyOGQlMkMlMjBzJTJDJTIwaWQlMjklN0J2YXIlMjBqcyUyQyUyMGZqcyUyMCUzRCUyMGQuZ2V0RWxlbWVudHNCeVRhZ05hbWUlMjhzJTI5JTVCMCU1RCUzQmlmJTIwJTI4ZC5nZXRFbGVtZW50QnlJZCUyOGlkJTI5JTI5JTIwJTdCcmV0dXJuJTNCJTdEanMlMjAlM0QlMjBkLmNyZWF0ZUVsZW1lbnQlMjhzJTI5JTNCJTIwanMuaWQlMjAlM0QlMjBpZCUzQmpzLnNyYyUyMCUzRCUyMCUyMmh0dHBzJTNBJTJGJTJGd3d3LnJlc2VsaXZhLmNvbSUyRlJlc2VsaXZhV2lkZ2V0JTJGSlMlMkZyd19zY3JpcHQuanMlM0YwMTAyMjQlMjIlM0JmanMucGFyZW50Tm9kZS5pbnNlcnRCZWZvcmUlMjhqcyUyQyUyMGZqcyUyOSUzQiU3RCUyOGRvY3VtZW50JTJDJTIwJTI3c2NyaXB0JTI3JTJDJTIwJTI3cmVzZWxpdmFfd2lkZ2V0JTI3JTI5JTI5JTNCJTBBbGV0JTIwUlclMjAlM0QlMjAlN0IlMjJ0eXBlJTIyJTNBJTIyYmFyJTIyJTJDJTBBJTIyaG90ZWxVcmwlMjIlM0ElNUIlMjJCZWdvbnZpbC1FdmxlcmklMjIlNUQlMkMlMEElMjJsYW5nJTIyJTNBJTIydHIlMjIlMkMlMEElMjJ0aXRsZSUyMiUyMCUzQSUyMGZhbHNlJTJDJTBBJTIybWF4Q2hpbGQlMjIlMjAlM0ElMjAwJTJDJTBBJTIydGFyZ2V0JTIyJTIwJTNBJTIwJTIyX2JsYW5rJTIyJTdEJTNCJTBBJTNDJTJGc2NyaXB0JTNFJTBBJTA5JTBBJTA5JTNDc3R5bGUlM0UlMEElMDklMEElMDklMDkuc2VhcmNoZm9ybS5zLXNlcGFyYXRvci5uZy1wcmlzdGluZS5uZy12YWxpZCUyMCU3QiUwQSUwOWRpc3BsYXklM0ElMjBub25lJTNCJTBBJTA5JTA5JTdEJTBBJTA5JTA5JTIzcmVzZXJ2YXRpb25mb3JtJTIwJTdCJTBBJTA5JTA5JTA5ZGlzcGxheSUzQSUyMG5vbmUlM0IlMEElMDklMDklN0QlMEElMDklMDklMEElMDklMDklMEElMDklM0MlMkZzdHlsZSUzRSUwQQ==[\/vc_raw_html][\/vc_column][\/vc_row][vc_row content_placement=&#8221;middle&#8221; css=&#8221;.vc_custom_1542961430859{margin-top: 0px !important;margin-bottom: 0px !important;padding-top: 90px !important;padding-bottom: 60px !important;}&#8221;][vc_column width=&#8221;1\/2&#8243; zero_padding_on_mobile=&#8221;on&#8221; zero_margin_on_mobile=&#8221;on&#8221; css=&#8221;.vc_custom_1682016049908{background-color: #f9f9f9 !important;}&#8221;][vc_column_text css=&#8221;.vc_custom_1682097746748{margin-bottom: 15px !important;}&#8221;]<\/p>\n<h2 style=\"text-align: left;\">Begonvil Evleri<\/h2>\n<p>[\/vc_column_text][vc_column_text]Fethiye Hisar\u00f6n\u00fc&#8217;nde tatil yapmak isteyenler i\u00e7in konforlu ve kullan\u0131\u015fl\u0131 bir konaklama se\u00e7ene\u011fi sunuyoruz. Tam donan\u0131ml\u0131, modern ve konforlu bir tatilin tad\u0131n\u0131 \u00e7\u0131karabilirsiniz.<br \/>\nDairemiz 2 yatak odas\u0131, salon, tam donan\u0131ml\u0131 daireler, mutfak, banyo ve geni\u015f bir balkondan olu\u015fmaktad\u0131r. Rahat bir ortam elde etmek i\u00e7in dairemiz var ve g\u00fczel manzaral\u0131 bir balkonu var.<br \/>\nYatak odalar\u0131m\u0131zda misafirlerimizin rahat\u0131 i\u00e7in konforlu yataklar, geni\u015f gard\u0131roplar ve modern mobilyalar bulunmaktad\u0131r. Ayr\u0131ca dairemizde tam donan\u0131ml\u0131 bir mutfak bulunmaktad\u0131r. Kendi yemeklerinizi pi\u015firebilirsiniz. Mutfakta ayr\u0131ca buzdolab\u0131, ocak, f\u0131r\u0131n, mikrodalga f\u0131r\u0131n, su \u0131s\u0131t\u0131c\u0131s\u0131, ekmek k\u0131zartma makinesi ve tam donan\u0131ml\u0131 mutfak gere\u00e7leri mevcuttur.<br \/>\nDairemizde \u00fccretsiz Wi-Fi ba\u011flant\u0131s\u0131, d\u00fcz ekran TV ve \u00e7ama\u015f\u0131r makinesi dahil tatiliniz boyunca ihtiyac\u0131n\u0131z olan her \u015feyi bulacaks\u0131n\u0131z. Ayr\u0131ca havlu, nevresim, sa\u00e7 kurutma makinesi ve di\u011fer gerekli kaynaklar da kullan\u0131lmaktad\u0131r.<br \/>\nFethiye Hisar\u00f6n\u00fc mevkiinde bulunan dairemiz muhte\u015fem do\u011fal g\u00fczellikler i\u00e7erisinde sakin ve huzurlu bir konumdad\u0131r. \u00d6l\u00fcdeniz, Kelebekler Vadisi, Sakl\u0131kent Kanyonu ve di\u011fer turistik listelere rahatl\u0131kla ula\u015fabilirsiniz.<br \/>\nTatilinize konforlu ve nezih bir konaklama ile ev sahipli\u011fi yapmak istiyorsan\u0131z Fethiye Hisar\u00f6n\u00fc&#8217;ndeki dairemiz tam size g\u00f6re. Size huzurlu bir tatil sunmak i\u00e7in buraday\u0131z.<\/p>\n<p>Begonvil Evleri[\/vc_column_text][\/vc_column][vc_column width=&#8221;1\/2&#8243; zero_padding_on_mobile=&#8221;on&#8221; css=&#8221;.vc_custom_1682016155968{background-color: #ffffff !important;}&#8221;][vc_single_image image=&#8221;2695&#8243; img_size=&#8221;full&#8221; alignment=&#8221;right&#8221; parallax_ratio=&#8221;1.0&#8243;][\/vc_column][\/vc_row][vc_row full_width=&#8221;stretch_row&#8221; css=&#8221;.vc_custom_1537989181048{margin-top: 0px !important;margin-bottom: 0px !important;padding-top: 80px !important;padding-bottom: 115px !important;background-color: #f7f7f7 !important;}&#8221;][vc_column][vc_row_inner content_placement=&#8221;middle&#8221; css=&#8221;.vc_custom_1537988042258{margin-top: 0px !important;margin-right: 0px !important;margin-bottom: 0px !important;margin-left: 0px !important;padding-top: 0px !important;padding-right: 0px !important;padding-bottom: 0px !important;padding-left: 0px !important;background-color: #ffffff !important;}&#8221;][vc_column_inner width=&#8221;1\/2&#8243; css=&#8221;.vc_custom_1537989443441{padding-top: 40px !important;padding-right: 15% !important;padding-bottom: 40px !important;padding-left: 15% !important;}&#8221;][vc_custom_heading text=&#8221;Starting&#8221; font_container=&#8221;tag:h2|text_align:center|color:%23000000&#8243; use_theme_fonts=&#8221;yes&#8221; css=&#8221;.vc_custom_1682093704566{margin-bottom: 15px !important;}&#8221;][vc_column_text]<\/p>\n<p style=\"text-align: justify;\">Gen\u00e7lik iksiri ekledi\u011fimiz sonsuzluk havuzunda muhte\u015fem bir manzaraya kar\u015f\u0131 y\u00fczebilir, havuz \u00e7evresindeki konforlu \u015fezlonglarda g\u00fcne\u015flenebilir ve ayn\u0131 zamanda i\u00e7kinizi yudumlayabilirsiniz. Havuz, mayo, bikini temizli\u011fine dikkat ediyor ve en \u00f6nemlisi de g\u00fcler y\u00fcz\u00fcn\u00fcz\u00fc soldurmuyoruz. Selfie \u00e7ekmek i\u00e7in bu kadar muhte\u015fem bir manzara ve sofistike bir ortam bulamazs\u0131n\u0131z. L\u00fctfen tesis genelinde bol bol selfie \u00e7ekin ve sosyal medyada payla\u015f\u0131n ki bol reklam\u0131m\u0131z olsun.<\/p>\n<p>[\/vc_column_text][\/vc_column_inner][vc_column_inner width=&#8221;1\/2&#8243; css=&#8221;.vc_custom_1537987996656{margin-top: 0px !important;margin-right: 0px !important;margin-bottom: 0px !important;margin-left: 0px !important;padding-top: 0px !important;padding-right: 0px !important;padding-bottom: 0px !important;padding-left: 0px !important;}&#8221;][vc_single_image image=&#8221;2698&#8243; img_size=&#8221;full&#8221; alignment=&#8221;center&#8221; css_animation=&#8221;fadeIn&#8221; parallax_ratio=&#8221;1&#8243; css=&#8221;.vc_custom_1656418075711{margin-top: 0px !important;margin-right: 0px !important;margin-bottom: 0px !important;margin-left: 0px !important;padding-top: 0px !important;padding-right: 0px !important;padding-bottom: 0px !important;padding-left: 0px !important;}&#8221;][\/vc_column_inner][\/vc_row_inner][vc_row_inner content_placement=&#8221;middle&#8221; css=&#8221;.vc_custom_1537988042258{margin-top: 0px !important;margin-right: 0px !important;margin-bottom: 0px !important;margin-left: 0px !important;padding-top: 0px !important;padding-right: 0px !important;padding-bottom: 0px !important;padding-left: 0px !important;background-color: #ffffff !important;}&#8221;][vc_column_inner width=&#8221;1\/2&#8243; css=&#8221;.vc_custom_1537988850850{margin-top: 0px !important;margin-right: 0px !important;margin-bottom: 0px !important;margin-left: 0px !important;padding-top: 0px !important;padding-right: 0px !important;padding-bottom: 0px !important;padding-left: 0px !important;}&#8221;][vc_single_image image=&#8221;2702&#8243; img_size=&#8221;full&#8221; alignment=&#8221;center&#8221; css_animation=&#8221;fadeIn&#8221; parallax_ratio=&#8221;1&#8243; css=&#8221;.vc_custom_1656423457988{margin-top: 0px !important;margin-right: 0px !important;margin-bottom: 0px !important;margin-left: 0px !important;padding-top: 0px !important;padding-right: 0px !important;padding-bottom: 0px !important;padding-left: 0px !important;}&#8221;][\/vc_column_inner][vc_column_inner width=&#8221;1\/2&#8243; css=&#8221;.vc_custom_1537989436882{padding-top: 40px !important;padding-right: 15% !important;padding-bottom: 40px !important;padding-left: 15% !important;}&#8221;][vc_custom_heading text=&#8221;\u00d6l\u00fcdeniz&#8221; font_container=&#8221;tag:h2|text_align:center|color:%23000000&#8243; use_theme_fonts=&#8221;yes&#8221; css=&#8221;.vc_custom_1682093677143{margin-bottom: 15px !important;}&#8221;][vc_column_text]<\/p>\n<p style=\"text-align: justify;\">Buradayken biraz aksiyon ve adrenalin ya\u015famak istiyorsan\u0131z Babada\u011f&#8217;da yama\u00e7 para\u015f\u00fct\u00fc yapmak tam size g\u00f6re. Ama \u00f6zellikle oda hesab\u0131n\u0131 kapatmad\u0131ysan\u0131z l\u00fctfen otele tek par\u00e7a d\u00f6nmeye \u00e7al\u0131\u015f\u0131n. Yok arkada\u015f aya\u011f\u0131m yere bass\u0131n isterseniz jeep safari ve tekne turlar\u0131 sizleri bekliyor. T\u00fcpl\u00fc dal\u0131\u015f bile var ama Muazzez Abac\u0131&#8217;n\u0131n hit \u015fark\u0131s\u0131n\u0131 hat\u0131rlatmak isteriz. Tatillerde bir sorun ya\u015farsan\u0131z &#8211; ki ya\u015famazs\u0131n\u0131z &#8211; yemin ederim &#8211; l\u00fctfen bize bildirin. Adamlar uzayda ya\u015faman\u0131n yolunu bile bulmu\u015flar merak etmeyin havada ve karada s\u0131cak su havlu gibi sorunlar\u0131n\u0131z\u0131 \u00e7\u00f6zece\u011fiz. (\u0130nternette derdinizi bizimle payla\u015fmadan yorum yazarsan\u0131z size \u00e7ok fena lanet ederiz.) Biz bu i\u015fe ba\u015flarken keyifle yola \u00e7\u0131kt\u0131k. Gelin, sevincimize ortak olun.<\/p>\n<p>[\/vc_column_text][\/vc_column_inner][\/vc_row_inner][\/vc_column][\/vc_row][vc_row full_width=&#8221;stretch_row_content_no_spaces&#8221; css=&#8221;.vc_custom_1542928222647{margin-top: 0px !important;margin-bottom: 0px !important;padding-top: 50px !important;padding-bottom: 40px !important;}&#8221; el_id=&#8221;rooms&#8221;][vc_column][vc_custom_heading text=&#8221;RELAX &amp; UNWIND&#8221; font_container=&#8221;tag:p|text_align:center|color:%23c19b76&#8243; use_theme_fonts=&#8221;yes&#8221;][vc_custom_heading text=&#8221;Rooms &amp; Suites&#8221; font_container=&#8221;tag:h2|text_align:center&#8221; use_theme_fonts=&#8221;yes&#8221; css=&#8221;.vc_custom_1539632711470{margin-bottom: 10px !important;}&#8221;][\/vc_column][\/vc_row][vc_row][vc_column width=&#8221;1\/2&#8243;][vc_custom_heading text=&#8221;Dublex Daire&#8221; font_container=&#8221;tag:h4|text_align:center&#8221; use_theme_fonts=&#8221;yes&#8221; css=&#8221;.vc_custom_1677530236591{margin-bottom: 10px !important;}&#8221;][vc_gallery type=&#8221;flexslider_slide&#8221; interval=&#8221;0&#8243; images=&#8221;3476,3472,3470,3467,3463,3197,3193,3191,3187,3185,3183,3181,3167,3169,3173,3175,3177,3179,3165,3163,3161&#8243; img_size=&#8221;full&#8221;][\/vc_column][vc_column width=&#8221;1\/2&#8243;][vc_custom_heading text=&#8221;Flat Daire&#8221; font_container=&#8221;tag:h4|text_align:center&#8221; use_theme_fonts=&#8221;yes&#8221; css=&#8221;.vc_custom_1677530279016{margin-bottom: 10px !important;}&#8221;][vc_gallery type=&#8221;flexslider_slide&#8221; interval=&#8221;0&#8243; images=&#8221;2874,3476,3472,3470,3467,3463,3197,3167,3169,3175,3165,3163,3161,2946,2948,2950,2952,2944,2942,2940,2934,2936,2938,2926,2924,2922,2920,2918,2916,2914,2912,2898&#8243; img_size=&#8221;full&#8221;][\/vc_column][\/vc_row]<\/p>\n","protected":false},"excerpt":{"rendered":"<p>[vc_row][vc_column][vc_raw_html]JTNDZGl2JTIwaWQlM0QlMjJyZXNlbGl2YS13aWRnZXQlMjIlM0UlM0NhJTIwaHJlZiUzRCUyMmh0dHBzJTNBJTJGJTJGd3d3LnJlc2VsaXZhLmNvbSUyRiUyMiUyMGNsYXNzJTNEJTIycG93ZXJlZF9ieSUyMiUzRVJlc2VsaXZhJTIwUmV6ZXJ2YXN5b24lMjBNb3RvcnUlMjAlMjYlMjBLYW5hbCUyMFklQzMlQjZuZXRpY2lzaSUzQyUyRmElM0UlM0MlMkZkaXYlM0UlMEElM0NzY3JpcHQlM0UlMEElMjhmdW5jdGlvbiUyOGQlMkMlMjBzJTJDJTIwaWQlMjklN0J2YXIlMjBqcyUyQyUyMGZqcyUyMCUzRCUyMGQuZ2V0RWxlbWVudHNCeVRhZ05hbWUlMjhzJTI5JTVCMCU1RCUzQmlmJTIwJTI4ZC5nZXRFbGVtZW50QnlJZCUyOGlkJTI5JTI5JTIwJTdCcmV0dXJuJTNCJTdEanMlMjAlM0QlMjBkLmNyZWF0ZUVsZW1lbnQlMjhzJTI5JTNCJTIwanMuaWQlMjAlM0QlMjBpZCUzQmpzLnNyYyUyMCUzRCUyMCUyMmh0dHBzJTNBJTJGJTJGd3d3LnJlc2VsaXZhLmNvbSUyRlJlc2VsaXZhV2lkZ2V0JTJGSlMlMkZyd19zY3JpcHQuanMlM0YwMTAyMjQlMjIlM0JmanMucGFyZW50Tm9kZS5pbnNlcnRCZWZvcmUlMjhqcyUyQyUyMGZqcyUyOSUzQiU3RCUyOGRvY3VtZW50JTJDJTIwJTI3c2NyaXB0JTI3JTJDJTIwJTI3cmVzZWxpdmFfd2lkZ2V0JTI3JTI5JTI5JTNCJTBBbGV0JTIwUlclMjAlM0QlMjAlN0IlMjJ0eXBlJTIyJTNBJTIyYmFyJTIyJTJDJTBBJTIyaG90ZWxVcmwlMjIlM0ElNUIlMjJCZWdvbnZpbC1FdmxlcmklMjIlNUQlMkMlMEElMjJsYW5nJTIyJTNBJTIydHIlMjIlMkMlMEElMjJ0aXRsZSUyMiUyMCUzQSUyMGZhbHNlJTJDJTBBJTIybWF4Q2hpbGQlMjIlMjAlM0ElMjAwJTJDJTBBJTIydGFyZ2V0JTIyJTIwJTNBJTIwJTIyX2JsYW5rJTIyJTdEJTNCJTBBJTNDJTJGc2NyaXB0JTNFJTBBJTA5JTBBJTA5JTNDc3R5bGUlM0UlMEElMDklMEElMDklMDkuc2VhcmNoZm9ybS5zLXNlcGFyYXRvci5uZy1wcmlzdGluZS5uZy12YWxpZCUyMCU3QiUwQSUwOWRpc3BsYXklM0ElMjBub25lJTNCJTBBJTA5JTA5JTdEJTBBJTA5JTA5JTIzcmVzZXJ2YXRpb25mb3JtJTIwJTdCJTBBJTA5JTA5JTA5ZGlzcGxheSUzQSUyMG5vbmUlM0IlMEElMDklMDklN0QlMEElMDklMDklMEElMDklMDklMEElMDklM0MlMkZzdHlsZSUzRSUwQQ==[\/vc_raw_html][\/vc_column][\/vc_row][vc_row content_placement=&#8221;middle&#8221; css=&#8221;.vc_custom_1542961430859{margin-top: 0px !important;margin-bottom: 0px !important;padding-top: 90px !important;padding-bottom: 60px !important;}&#8221;][vc_column width=&#8221;1\/2&#8243; zero_padding_on_mobile=&#8221;on&#8221; zero_margin_on_mobile=&#8221;on&#8221; css=&#8221;.vc_custom_1682016049908{background-color: #f9f9f9 !important;}&#8221;][vc_column_text css=&#8221;.vc_custom_1682097746748{margin-bottom: 15px !important;}&#8221;] Begonvil Evleri [\/vc_column_text][vc_column_text]Fethiye Hisar\u00f6n\u00fc&#8217;nde tatil yapmak isteyenler i\u00e7in konforlu ve [&hellip;]<\/p>\n","protected":false},"author":3,"featured_media":0,"parent":0,"menu_order":0,"comment_status":"closed","ping_status":"closed","template":"page-transparent-menu.php","meta":{"om_disable_all_campaigns":false,"_monsterinsights_skip_tracking":false,"_monsterinsights_sitenote_active":false,"_monsterinsights_sitenote_note":"","_monsterinsights_sitenote_category":0,"footnotes":""},"class_list":["post-3733","page","type-page","status-publish","hentry",null],"aioseo_notices":[],"_links":{"self":[{"href":"https:\/\/bougainvilleahouses.com\/tr\/wp-json\/wp\/v2\/pages\/3733","targetHints":{"allow":["GET"]}}],"collection":[{"href":"https:\/\/bougainvilleahouses.com\/tr\/wp-json\/wp\/v2\/pages"}],"about":[{"href":"https:\/\/bougainvilleahouses.com\/tr\/wp-json\/wp\/v2\/types\/page"}],"author":[{"embeddable":true,"href":"https:\/\/bougainvilleahouses.com\/tr\/wp-json\/wp\/v2\/users\/3"}],"replies":[{"embeddable":true,"href":"https:\/\/bougainvilleahouses.com\/tr\/wp-json\/wp\/v2\/comments?post=3733"}],"version-history":[{"count":23,"href":"https:\/\/bougainvilleahouses.com\/tr\/wp-json\/wp\/v2\/pages\/3733\/revisions"}],"predecessor-version":[{"id":3828,"href":"https:\/\/bougainvilleahouses.com\/tr\/wp-json\/wp\/v2\/pages\/3733\/revisions\/3828"}],"wp:attachment":[{"href":"https:\/\/bougainvilleahouses.com\/tr\/wp-json\/wp\/v2\/media?parent=3733"}],"curies":[{"name":"wp","href":"https:\/\/api.w.org\/{rel}","templated":true}]}}